{"id":2,"date":"2019-06-01T22:30:22","date_gmt":"2019-06-01T22:30:22","guid":{"rendered":"http:\/\/magnet.mx\/new\/?page_id=2"},"modified":"2021-08-03T01:05:14","modified_gmt":"2021-08-03T07:05:14","slug":"sample-page","status":"publish","type":"page","link":"https:\/\/www.magnet.mx\/new\/","title":{"rendered":"\u00a1Bienvenidos!"},"content":{"rendered":"\n<p>En el a\u00f1o 2000 iniciamos operaciones ofreciendo servicios relacionados en los rubros de cableado estructurado, telefon\u00eda anal\u00f3gica y digital, equipos de datos y telecomunicaciones.<\/p>\n\n\n\n<div class=\"wp-block-image is-style-default\"><figure class=\"aligncenter size-full is-resized\"><img fetchpriority=\"high\" decoding=\"async\" src=\"https:\/\/i0.wp.com\/www.magnet.mx\/new\/wp-content\/uploads\/2021\/08\/cableado-estructurado.jpeg?resize=471%2C168&#038;ssl=1\" alt=\"Cableado estructurado.\" class=\"wp-image-131\" width=\"471\" height=\"168\" srcset=\"https:\/\/i0.wp.com\/www.magnet.mx\/new\/wp-content\/uploads\/2021\/08\/cableado-estructurado.jpeg?w=375&amp;ssl=1 375w, https:\/\/i0.wp.com\/www.magnet.mx\/new\/wp-content\/uploads\/2021\/08\/cableado-estructurado.jpeg?resize=300%2C107&amp;ssl=1 300w\" sizes=\"(max-width: 471px) 100vw, 471px\" data-recalc-dims=\"1\" \/><\/figure><\/div>\n\n\n\n<p>En el a\u00f1o 2002 obtuvimos el Reconocimiento como Socio de Servicios de Avaya\u00ae. En el a\u00f1o 2008 incursionamos en el mercado de la telefon\u00eda IP como distribuidor de la empresa Talkswitch\u00ae (ahora Fortinet\u00ae), siendo parte de la transici\u00f3n de la tecnolog\u00eda anal\u00f3gica a la digital..<\/p>\n\n\n\n<div class=\"wp-block-image\"><figure class=\"aligncenter size-full is-resized\"><img decoding=\"async\" src=\"https:\/\/i2.wp.com\/www.magnet.mx\/new\/wp-content\/uploads\/2021\/08\/grandstream-telefonos.jpg?resize=474%2C137&#038;ssl=1\" alt=\"\" class=\"wp-image-134\" width=\"474\" height=\"137\" srcset=\"https:\/\/i2.wp.com\/www.magnet.mx\/new\/wp-content\/uploads\/2021\/08\/grandstream-telefonos.jpg?w=874&amp;ssl=1 874w, https:\/\/i2.wp.com\/www.magnet.mx\/new\/wp-content\/uploads\/2021\/08\/grandstream-telefonos.jpg?resize=300%2C86&amp;ssl=1 300w, https:\/\/i2.wp.com\/www.magnet.mx\/new\/wp-content\/uploads\/2021\/08\/grandstream-telefonos.jpg?resize=768%2C221&amp;ssl=1 768w\" sizes=\"(max-width: 474px) 100vw, 474px\" data-recalc-dims=\"1\" \/><\/figure><\/div>\n\n\n\n<p>En el mismo a\u00f1o se establece una alianza estrat\u00e9gica con una consultora de sistemas inform\u00e1ticos para ampliar el horizonte de soluciones y afianzar con ello la presencia en el mercado.<\/p>\n\n\n\n<div class=\"wp-block-image\"><figure class=\"aligncenter size-full is-resized\"><img decoding=\"async\" src=\"https:\/\/i1.wp.com\/www.magnet.mx\/new\/wp-content\/uploads\/2021\/08\/banner-seguridad-informatica.jpg?resize=470%2C156&#038;ssl=1\" alt=\"\" class=\"wp-image-136\" width=\"470\" height=\"156\" srcset=\"https:\/\/i1.wp.com\/www.magnet.mx\/new\/wp-content\/uploads\/2021\/08\/banner-seguridad-informatica.jpg?w=626&amp;ssl=1 626w, https:\/\/i1.wp.com\/www.magnet.mx\/new\/wp-content\/uploads\/2021\/08\/banner-seguridad-informatica.jpg?resize=300%2C100&amp;ssl=1 300w\" sizes=\"(max-width: 470px) 100vw, 470px\" data-recalc-dims=\"1\" \/><\/figure><\/div>\n\n\n\n<p>En el rubro de radiocomunicaciones, tenemos actualmente la autorizaci\u00f3n para distribuir equipos y soluciones de<strong> ICOM<\/strong>, <strong>Kenwood<\/strong> y <strong>NXRadio<\/strong>. Tanto en esquemas anal\u00f3gicos y digitales. As\u00ed como solucion es concretas para cualquiera de los \u00e1mbitos como personal, empresarial, industrial y corporativo.<\/p>\n\n\n\n<div class=\"wp-block-image\"><figure class=\"aligncenter size-full is-resized\"><img loading=\"lazy\" decoding=\"async\" src=\"https:\/\/i0.wp.com\/www.magnet.mx\/new\/wp-content\/uploads\/2021\/08\/banner-kenwood-set.jpg?resize=474%2C209&#038;ssl=1\" alt=\"\" class=\"wp-image-141\" width=\"474\" height=\"209\" srcset=\"https:\/\/i0.wp.com\/www.magnet.mx\/new\/wp-content\/uploads\/2021\/08\/banner-kenwood-set.jpg?w=363&amp;ssl=1 363w, https:\/\/i0.wp.com\/www.magnet.mx\/new\/wp-content\/uploads\/2021\/08\/banner-kenwood-set.jpg?resize=300%2C132&amp;ssl=1 300w\" sizes=\"(max-width: 474px) 100vw, 474px\" data-recalc-dims=\"1\" \/><\/figure><\/div>\n\n\n\n<p>Es pol\u00edtica de <strong>Magnet Integraci\u00f3n de Tecnolog\u00edas, S. A. de C. V.<\/strong>, mediante la mejora continua y el cumplimiento a los requerimientos de las normas de la industria, lograr la <strong>Satisfacci\u00f3n Total <\/strong>de nuestros clientes, ofreci\u00e9ndoles productos y servicios de excelente calidad.<\/p>\n","protected":false},"excerpt":{"rendered":"<p class=\"qua-blog-post-description\">En el a\u00f1o 2000 iniciamos operaciones ofreciendo servicios relacionados en los rubros de cableado estructurado, telefon\u00eda anal\u00f3gica y digital, equipos de datos y telecomunicaciones. En el a\u00f1o 2002 obtuvimos el Reconocimiento como Socio de Servicios de Avaya\u00ae. En el a\u00f1o 2008 incursionamos en el mercado de la telefon\u00eda IP como distribuidor de la empresa Talkswitch\u00ae [&hellip;]<\/p>\n","protected":false},"author":1,"featured_media":0,"parent":0,"menu_order":0,"comment_status":"closed","ping_status":"open","template":"","meta":{"spay_email":"","footnotes":""},"class_list":["post-2","page","type-page","status-publish","hentry"],"jetpack-related-posts":[{"id":70,"url":"https:\/\/www.magnet.mx\/new\/?page_id=70","url_meta":{"origin":2,"position":0},"title":"Radio comunicaci\u00f3n","date":"2 junio, 2019","format":false,"excerpt":"Somos actualmente distribuidores autorizados de equipos de radio comunicaci\u00f3n de la marca Kenwood. Manejando una variedad de equipos en modo anal\u00f3gico y digital. Hemos trabajado en diversos proyectos lo cual nos brinda una experiencia como su elecci\u00f3n para el sus planes de comunicaci\u00f3n. Cont\u00e1ctenos.","rel":"","context":"Entrada similar ","img":{"alt_text":"","src":"https:\/\/i1.wp.com\/www.magnet.mx\/new\/wp-content\/uploads\/2019\/06\/Magnet-logo-blanco.jpg?fit=1068%2C487&ssl=1&resize=350%2C200","width":350,"height":200},"classes":[]},{"id":13,"url":"https:\/\/www.magnet.mx\/new\/?page_id=13","url_meta":{"origin":2,"position":1},"title":"Servicios","date":"2 junio, 2019","format":false,"excerpt":"Contamos con un amplio Cat\u00e1logo de Servicios con lo que podemos asegurarle que podr\u00e1 llevar avante su proyecto. Conmutadores de Telefonia VoIP, 3CX basado en WindowsSoluciones basadas en Asterisk.Conmutador Telef\u00f3nico Panasonic.Sistemas de voceo y m\u00fasica ambiental.Sistemas de Seguridad en circuito.Circuito Cerrado de Televisi\u00f3n.Sistemas de Control de Acceso.Equipos de c\u00f3mputo y\u2026","rel":"","context":"Entrada similar ","img":{"alt_text":"","src":"","width":0,"height":0},"classes":[]},{"id":12,"url":"https:\/\/www.magnet.mx\/new\/?page_id=12","url_meta":{"origin":2,"position":2},"title":"Qui\u00e9nes somos","date":"2 junio, 2019","format":false,"excerpt":"Somos una empresa constitu\u00edda por un grupo de profesionales y t\u00e9cnicos con experiencia en ramo de Tecnolog\u00edas de la Informaci\u00f3n, con acentuaci\u00f3n en transmisi\u00f3n de voz, datos e imagen, as\u00ed como en conectividad y soluciones de sistemas. La implementaci\u00f3n de soluciones adecuadas, utilizando las nuevas tecnolog\u00edas emergentes, as\u00ed como aprovechando\u2026","rel":"","context":"Entrada similar ","img":{"alt_text":"","src":"","width":0,"height":0},"classes":[]}],"_links":{"self":[{"href":"https:\/\/www.magnet.mx\/new\/index.php?rest_route=\/wp\/v2\/pages\/2"}],"collection":[{"href":"https:\/\/www.magnet.mx\/new\/index.php?rest_route=\/wp\/v2\/pages"}],"about":[{"href":"https:\/\/www.magnet.mx\/new\/index.php?rest_route=\/wp\/v2\/types\/page"}],"author":[{"embeddable":true,"href":"https:\/\/www.magnet.mx\/new\/index.php?rest_route=\/wp\/v2\/users\/1"}],"replies":[{"embeddable":true,"href":"https:\/\/www.magnet.mx\/new\/index.php?rest_route=%2Fwp%2Fv2%2Fcomments&post=2"}],"version-history":[{"count":19,"href":"https:\/\/www.magnet.mx\/new\/index.php?rest_route=\/wp\/v2\/pages\/2\/revisions"}],"predecessor-version":[{"id":154,"href":"https:\/\/www.magnet.mx\/new\/index.php?rest_route=\/wp\/v2\/pages\/2\/revisions\/154"}],"wp:attachment":[{"href":"https:\/\/www.magnet.mx\/new\/index.php?rest_route=%2Fwp%2Fv2%2Fmedia&parent=2"}],"curies":[{"name":"wp","href":"https:\/\/api.w.org\/{rel}","templated":true}]}}