{"id":13,"date":"2019-06-02T16:47:47","date_gmt":"2019-06-02T16:47:47","guid":{"rendered":"http:\/\/magnet.mx\/new\/?page_id=13"},"modified":"2019-06-02T17:24:27","modified_gmt":"2019-06-02T17:24:27","slug":"servicios","status":"publish","type":"page","link":"https:\/\/www.magnet.mx\/new\/?page_id=13","title":{"rendered":"Servicios"},"content":{"rendered":"\n<p>Contamos con un amplio Cat\u00e1logo de Servicios con lo que podemos asegurarle que podr\u00e1 llevar avante su proyecto.<\/p>\n\n\n\n<ul class=\"wp-block-list\"><li>Conmutadores de Telefonia VoIP, 3CX basado en Windows<\/li><li>Soluciones basadas en Asterisk.<\/li><li>Conmutador Telef\u00f3nico Panasonic.<\/li><li>Sistemas de voceo y m\u00fasica ambiental.<\/li><li>Sistemas de Seguridad en circuito.<\/li><li>Circuito Cerrado de Televisi\u00f3n.<\/li><li>Sistemas de Control de Acceso.<\/li><li>Equipos de c\u00f3mputo y servidores bajo Windows<\/li><li>Instalacion y Configuraci\u00f3n de Firewall.<\/li><li>Cableado estructurado en voz y datos.<\/li><li>Instalacion de Cableado Planta Externa.<\/li><li>Posteria y Canalizacion Subterr\u00e1nea.<\/li><li>Instalaci\u00f3n de Fibra \u00d3ptica.<\/li><li>Instalaci\u00f3n de Enlaces de Radio e Inal\u00e1mbricos.<\/li><li>Reestructuraci\u00f3n de redes de datos.<\/li><li>Instalaci\u00f3n de cableados de potencia.<\/li><li>Implementaci\u00f3n de sistemas de energ\u00eda ininterrumpida.<\/li><li>Soporte y servicio t\u00e9cnico dirigido a estaciones y servidores.<\/li><li>Implementaci\u00f3n y mantenimiento de Intranet.<\/li><li>Configuraci\u00f3n de Redes Privadas Virtuales<\/li><li>Redes de \u00c1rea Local Virtuales y Redes Inal\u00e1mbricas.<\/li><\/ul>\n","protected":false},"excerpt":{"rendered":"<p class=\"qua-blog-post-description\">Contamos con un amplio Cat\u00e1logo de Servicios con lo que podemos asegurarle que podr\u00e1 llevar avante su proyecto. Conmutadores de Telefonia VoIP, 3CX basado en Windows Soluciones basadas en Asterisk. Conmutador Telef\u00f3nico Panasonic. Sistemas de voceo y m\u00fasica ambiental. Sistemas de Seguridad en circuito. Circuito Cerrado de Televisi\u00f3n. Sistemas de Control de Acceso. Equipos de [&hellip;]<\/p>\n","protected":false},"author":1,"featured_media":0,"parent":0,"menu_order":0,"comment_status":"closed","ping_status":"closed","template":"","meta":{"spay_email":"","footnotes":""},"class_list":["post-13","page","type-page","status-publish","hentry"],"jetpack-related-posts":[{"id":2,"url":"https:\/\/www.magnet.mx\/new\/","url_meta":{"origin":13,"position":0},"title":"\u00a1Bienvenidos!","date":"1 junio, 2019","format":false,"excerpt":"En el a\u00f1o 2000 iniciamos operaciones ofreciendo servicios relacionados en los rubros de cableado estructurado, telefon\u00eda anal\u00f3gica y digital, equipos de datos y telecomunicaciones. En el a\u00f1o 2002 obtuvimos el Reconocimiento como Socio de Servicios de Avaya\u00ae. En el a\u00f1o 2008 incursionamos en el mercado de la telefon\u00eda IP como\u2026","rel":"","context":"Entrada similar ","img":{"alt_text":"","src":"https:\/\/i2.wp.com\/www.magnet.mx\/new\/wp-content\/uploads\/2021\/08\/grandstream-telefonos.jpg?resize=350%2C200&ssl=1","width":350,"height":200},"classes":[]},{"id":12,"url":"https:\/\/www.magnet.mx\/new\/?page_id=12","url_meta":{"origin":13,"position":1},"title":"Qui\u00e9nes somos","date":"2 junio, 2019","format":false,"excerpt":"Somos una empresa constitu\u00edda por un grupo de profesionales y t\u00e9cnicos con experiencia en ramo de Tecnolog\u00edas de la Informaci\u00f3n, con acentuaci\u00f3n en transmisi\u00f3n de voz, datos e imagen, as\u00ed como en conectividad y soluciones de sistemas. La implementaci\u00f3n de soluciones adecuadas, utilizando las nuevas tecnolog\u00edas emergentes, as\u00ed como aprovechando\u2026","rel":"","context":"Entrada similar ","img":{"alt_text":"","src":"","width":0,"height":0},"classes":[]}],"_links":{"self":[{"href":"https:\/\/www.magnet.mx\/new\/index.php?rest_route=\/wp\/v2\/pages\/13"}],"collection":[{"href":"https:\/\/www.magnet.mx\/new\/index.php?rest_route=\/wp\/v2\/pages"}],"about":[{"href":"https:\/\/www.magnet.mx\/new\/index.php?rest_route=\/wp\/v2\/types\/page"}],"author":[{"embeddable":true,"href":"https:\/\/www.magnet.mx\/new\/index.php?rest_route=\/wp\/v2\/users\/1"}],"replies":[{"embeddable":true,"href":"https:\/\/www.magnet.mx\/new\/index.php?rest_route=%2Fwp%2Fv2%2Fcomments&post=13"}],"version-history":[{"count":3,"href":"https:\/\/www.magnet.mx\/new\/index.php?rest_route=\/wp\/v2\/pages\/13\/revisions"}],"predecessor-version":[{"id":40,"href":"https:\/\/www.magnet.mx\/new\/index.php?rest_route=\/wp\/v2\/pages\/13\/revisions\/40"}],"wp:attachment":[{"href":"https:\/\/www.magnet.mx\/new\/index.php?rest_route=%2Fwp%2Fv2%2Fmedia&parent=13"}],"curies":[{"name":"wp","href":"https:\/\/api.w.org\/{rel}","templated":true}]}}