{"id":12,"date":"2019-06-02T16:47:47","date_gmt":"2019-06-02T16:47:47","guid":{"rendered":"http:\/\/magnet.mx\/new\/?page_id=12"},"modified":"2019-06-02T15:38:54","modified_gmt":"2019-06-02T21:38:54","slug":"quienes-somos","status":"publish","type":"page","link":"https:\/\/www.magnet.mx\/new\/?page_id=12","title":{"rendered":"Qui\u00e9nes somos"},"content":{"rendered":"\n<p>Somos una empresa constitu\u00edda por un grupo de profesionales y t\u00e9cnicos con experiencia en ramo de Tecnolog\u00edas de la Informaci\u00f3n, con acentuaci\u00f3n en transmisi\u00f3n de voz, datos e imagen, as\u00ed como en conectividad y soluciones de sistemas. <\/p>\n\n\n\n<p>La implementaci\u00f3n de soluciones adecuadas, utilizando las nuevas tecnolog\u00edas emergentes, as\u00ed como aprovechando las estructuras ya establecidas, nos permiten ofrecer soluciones integradas que impliquen un costo menor y una mayor eficiencia.<\/p>\n\n\n\n<p>Nuestra misi\u00f3n como proveedores de productos y servicios en el \u00e1rea de tecnolog\u00edas de la informaci\u00f3n es proveer las mejores soluciones para beneficio de nuestros clientes y socios de negocios.<\/p>\n\n\n\n<p>Algunos de nuestros socios comerciales<\/p>\n","protected":false},"excerpt":{"rendered":"<p class=\"qua-blog-post-description\">Somos una empresa constitu\u00edda por un grupo de profesionales y t\u00e9cnicos con experiencia en ramo de Tecnolog\u00edas de la Informaci\u00f3n, con acentuaci\u00f3n en transmisi\u00f3n de voz, datos e imagen, as\u00ed como en conectividad y soluciones de sistemas. La implementaci\u00f3n de soluciones adecuadas, utilizando las nuevas tecnolog\u00edas emergentes, as\u00ed como aprovechando las estructuras ya establecidas, nos [&hellip;]<\/p>\n","protected":false},"author":1,"featured_media":0,"parent":0,"menu_order":0,"comment_status":"closed","ping_status":"closed","template":"","meta":{"spay_email":"","footnotes":""},"class_list":["post-12","page","type-page","status-publish","hentry"],"jetpack-related-posts":[{"id":2,"url":"https:\/\/www.magnet.mx\/new\/","url_meta":{"origin":12,"position":0},"title":"\u00a1Bienvenidos!","date":"1 junio, 2019","format":false,"excerpt":"En el a\u00f1o 2000 iniciamos operaciones ofreciendo servicios relacionados en los rubros de cableado estructurado, telefon\u00eda anal\u00f3gica y digital, equipos de datos y telecomunicaciones. En el a\u00f1o 2002 obtuvimos el Reconocimiento como Socio de Servicios de Avaya\u00ae. En el a\u00f1o 2008 incursionamos en el mercado de la telefon\u00eda IP como\u2026","rel":"","context":"Entrada similar ","img":{"alt_text":"","src":"https:\/\/i2.wp.com\/www.magnet.mx\/new\/wp-content\/uploads\/2021\/08\/grandstream-telefonos.jpg?resize=350%2C200&ssl=1","width":350,"height":200},"classes":[]},{"id":13,"url":"https:\/\/www.magnet.mx\/new\/?page_id=13","url_meta":{"origin":12,"position":1},"title":"Servicios","date":"2 junio, 2019","format":false,"excerpt":"Contamos con un amplio Cat\u00e1logo de Servicios con lo que podemos asegurarle que podr\u00e1 llevar avante su proyecto. Conmutadores de Telefonia VoIP, 3CX basado en WindowsSoluciones basadas en Asterisk.Conmutador Telef\u00f3nico Panasonic.Sistemas de voceo y m\u00fasica ambiental.Sistemas de Seguridad en circuito.Circuito Cerrado de Televisi\u00f3n.Sistemas de Control de Acceso.Equipos de c\u00f3mputo y\u2026","rel":"","context":"Entrada similar ","img":{"alt_text":"","src":"","width":0,"height":0},"classes":[]}],"_links":{"self":[{"href":"https:\/\/www.magnet.mx\/new\/index.php?rest_route=\/wp\/v2\/pages\/12"}],"collection":[{"href":"https:\/\/www.magnet.mx\/new\/index.php?rest_route=\/wp\/v2\/pages"}],"about":[{"href":"https:\/\/www.magnet.mx\/new\/index.php?rest_route=\/wp\/v2\/types\/page"}],"author":[{"embeddable":true,"href":"https:\/\/www.magnet.mx\/new\/index.php?rest_route=\/wp\/v2\/users\/1"}],"replies":[{"embeddable":true,"href":"https:\/\/www.magnet.mx\/new\/index.php?rest_route=%2Fwp%2Fv2%2Fcomments&post=12"}],"version-history":[{"count":3,"href":"https:\/\/www.magnet.mx\/new\/index.php?rest_route=\/wp\/v2\/pages\/12\/revisions"}],"predecessor-version":[{"id":38,"href":"https:\/\/www.magnet.mx\/new\/index.php?rest_route=\/wp\/v2\/pages\/12\/revisions\/38"}],"wp:attachment":[{"href":"https:\/\/www.magnet.mx\/new\/index.php?rest_route=%2Fwp%2Fv2%2Fmedia&parent=12"}],"curies":[{"name":"wp","href":"https:\/\/api.w.org\/{rel}","templated":true}]}}